{"id":270,"date":"2024-01-12T18:29:26","date_gmt":"2024-01-12T18:29:26","guid":{"rendered":"https:\/\/salsas.appix.mx\/?page_id=270"},"modified":"2024-05-25T00:27:56","modified_gmt":"2024-05-25T00:27:56","slug":"huevos-rancheros","status":"publish","type":"page","link":"https:\/\/lamoderna.com.mx\/salsas\/huevos-rancheros\/","title":{"rendered":"Huevos rancheros"},"content":{"rendered":"<p>[et_pb_section fb_built=&#8221;1&#8243; _builder_version=&#8221;4.23.1&#8243; _module_preset=&#8221;default&#8221; background_color=&#8221;#e5000d&#8221; custom_margin=&#8221;||-69px|||&#8221; custom_padding=&#8221;0px||0px|||&#8221; global_colors_info=&#8221;{}&#8221;][\/et_pb_section][et_pb_section fb_built=&#8221;1&#8243; _builder_version=&#8221;4.23.1&#8243; _module_preset=&#8221;default&#8221; background_color=&#8221;#f0c53f&#8221; custom_margin=&#8221;67px|||||&#8221; custom_padding=&#8221;4px||10px|||&#8221; global_colors_info=&#8221;{}&#8221;][et_pb_row _builder_version=&#8221;4.23.1&#8243; _module_preset=&#8221;default&#8221; custom_padding=&#8221;||21px|||&#8221; global_colors_info=&#8221;{}&#8221;][et_pb_column type=&#8221;4_4&#8243; _builder_version=&#8221;4.23.1&#8243; _module_preset=&#8221;default&#8221; global_colors_info=&#8221;{}&#8221;][et_pb_text _builder_version=&#8221;4.23.4&#8243; _module_preset=&#8221;default&#8221; text_font=&#8221;|600|||||||&#8221; text_text_color=&#8221;#000000&#8243; text_font_size=&#8221;16px&#8221; custom_margin=&#8221;-12px||-43px|||&#8221; global_colors_info=&#8221;{}&#8221;]<\/p>\n<p><span style=\"color: #333333;\"><a href=\"https:\/\/lamoderna.com.mx\/salsas\/\" style=\"color: #333333;\">Inicio<\/a><\/span> &gt; <span style=\"color: #333333;\"><a href=\"https:\/\/lamoderna.com.mx\/salsas\/nuestras-recetas\/\" style=\"color: #333333;\">Nuestras recetas<\/a><\/span> &gt; Huevos rancheros<\/p>\n<div id=\"gtx-trans\" style=\"position: absolute; left: 173px; top: 38px;\">\n<div class=\"gtx-trans-icon\"><\/div>\n<\/div>\n<p>[\/et_pb_text][\/et_pb_column][\/et_pb_row][\/et_pb_section][et_pb_section fb_built=&#8221;1&#8243; _builder_version=&#8221;4.23.1&#8243; _module_preset=&#8221;default&#8221; custom_padding=&#8221;||10px|||&#8221; global_colors_info=&#8221;{}&#8221;][et_pb_row _builder_version=&#8221;4.23.1&#8243; _module_preset=&#8221;default&#8221; custom_margin=&#8221;|auto|-2px|auto||&#8221; custom_padding=&#8221;||16px|||&#8221; global_colors_info=&#8221;{}&#8221;][et_pb_column type=&#8221;4_4&#8243; _builder_version=&#8221;4.23.1&#8243; _module_preset=&#8221;default&#8221; global_colors_info=&#8221;{}&#8221;][et_pb_text _builder_version=&#8221;4.23.4&#8243; _module_preset=&#8221;default&#8221; text_font=&#8221;|800|||||||&#8221; text_text_color=&#8221;#000000&#8243; text_font_size=&#8221;24px&#8221; custom_padding=&#8221;|0px||0px||&#8221; text_font_size_tablet=&#8221;24px&#8221; text_font_size_phone=&#8221;25px&#8221; text_font_size_last_edited=&#8221;on|phone&#8221; text_orientation_tablet=&#8221;&#8221; text_orientation_phone=&#8221;center&#8221; text_orientation_last_edited=&#8221;on|phone&#8221; global_colors_info=&#8221;{}&#8221;]<\/p>\n<p>HUEVOS RANCHEROS<\/p>\n<div id=\"gtx-trans\" style=\"position: absolute; left: -21px; top: -9px;\">\n<div class=\"gtx-trans-icon\"><\/div>\n<\/div>\n<p>[\/et_pb_text][\/et_pb_column][\/et_pb_row][\/et_pb_section][et_pb_section fb_built=&#8221;1&#8243; make_equal=&#8221;on&#8221; use_custom_gutter=&#8221;on&#8221; gutter_width=&#8221;2&#8243; specialty=&#8221;on&#8221; _builder_version=&#8221;4.23.1&#8243; _module_preset=&#8221;default&#8221; width=&#8221;100%&#8221; max_width=&#8221;100%&#8221; custom_padding=&#8221;11px|||||&#8221; global_colors_info=&#8221;{}&#8221;][et_pb_column type=&#8221;1_2&#8243; _builder_version=&#8221;4.16&#8243; custom_padding=&#8221;|||&#8221; global_colors_info=&#8221;{}&#8221; custom_padding__hover=&#8221;|||&#8221;][et_pb_image src=&#8221;https:\/\/lamoderna.com.mx\/salsas\/wp-content\/uploads\/2024\/01\/HUEVOS-RANCHEROS.png&#8221; title_text=&#8221;HUEVOS RANCHEROS&#8221; _builder_version=&#8221;4.23.4&#8243; _module_preset=&#8221;default&#8221; global_colors_info=&#8221;{}&#8221;][\/et_pb_image][\/et_pb_column][et_pb_column type=&#8221;1_2&#8243; specialty_columns=&#8221;2&#8243; _builder_version=&#8221;4.16&#8243; custom_padding=&#8221;|||&#8221; global_colors_info=&#8221;{}&#8221; custom_padding__hover=&#8221;|||&#8221;][et_pb_row_inner custom_padding_last_edited=&#8221;on|phone&#8221; _builder_version=&#8221;4.23.4&#8243; _module_preset=&#8221;default&#8221; background_color=&#8221;#e5000d&#8221; custom_margin=&#8221;27px|||||&#8221; custom_padding=&#8221;37px|49px|37px|49px|true|true&#8221; custom_padding_tablet=&#8221;37px|49px|37px|49px|true|true&#8221; custom_padding_phone=&#8221;37px|20px|37px|20px|true|true&#8221; border_radii=&#8221;on|14px|14px|14px|14px&#8221; global_colors_info=&#8221;{}&#8221;][et_pb_column_inner saved_specialty_column_type=&#8221;1_2&#8243; _builder_version=&#8221;4.23.1&#8243; _module_preset=&#8221;default&#8221; global_colors_info=&#8221;{}&#8221;][et_pb_text _builder_version=&#8221;4.23.4&#8243; _module_preset=&#8221;default&#8221; text_font=&#8221;|700|||||||&#8221; text_text_color=&#8221;#FFFFFF&#8221; text_font_size=&#8221;20px&#8221; custom_margin=&#8221;||10px||false|false&#8221; global_colors_info=&#8221;{}&#8221;]<\/p>\n<p>DIFICULTAD: F\u00c1CIL\u00a0 \u00a0 \u00a0 \u00a0PORCIONES: 2<\/p>\n<p>[\/et_pb_text][et_pb_divider color=&#8221;#FFFFFF&#8221; _builder_version=&#8221;4.23.1&#8243; _module_preset=&#8221;default&#8221; custom_margin=&#8221;17px||0px||false|false&#8221; custom_padding=&#8221;||0px||false|false&#8221; global_colors_info=&#8221;{}&#8221;][\/et_pb_divider][et_pb_text content_tablet=&#8221;<\/p>\n<p><strong>INGREDIENTES<\/strong><\/p>\n<\/p>\n<ul>\n<li>1 sobre de Salsa Funghi La Moderna \u00ae<\/li>\n<li>2 tortillas de ma\u00edz<\/li>\n<li>4 huevos<\/li>\n<li>Frijoles refritos al gusto<\/li>\n<li>1 cucharada de cebolla finamente picada<\/li>\n<li>1 chile serano cortado finamente<\/li>\n<li>50 g de chorizo finamente picado<\/li>\n<li>100ml de cucharadas de aceite<\/li>\n<li>1 cucharada de cilantro troceado<\/li>\n<li>Cilantro troceado para decorar<\/li>\n<\/ul>\n<p>&#8221; content_phone=&#8221;<\/p>\n<p><strong>INGREDIENTES<\/strong><\/p>\n<p>1 sobre de Salsa Funghi La Moderna \u00ae<\/p>\n<p>2 tortillas de ma\u00edz<\/p>\n<p>4 huevos<\/p>\n<p>Frijoles refritos al gusto<\/p>\n<p>1 cucharada de cebolla finamente picada<\/p>\n<p>1 chile serano cortado finamente<\/p>\n<p>50 g de chorizo finamente picado<\/p>\n<p>100ml de cucharadas de aceite<\/p>\n<p>1 cucharada de cilantro troceado<\/p>\n<p>Cilantro troceado para decorar<\/p>\n<p>&#8221; content_last_edited=&#8221;on|phone&#8221; _builder_version=&#8221;4.23.4&#8243; _module_preset=&#8221;default&#8221; text_font=&#8221;||||||||&#8221; text_text_color=&#8221;#FFFFFF&#8221; text_font_size=&#8221;18px&#8221; ul_font=&#8221;||||||||&#8221; ul_text_color=&#8221;#FFFFFF&#8221; ul_font_size=&#8221;19px&#8221; custom_margin=&#8221;||-20px|||&#8221; custom_padding=&#8221;||12px|||&#8221; text_font_size_tablet=&#8221;18px&#8221; text_font_size_phone=&#8221;14px&#8221; text_font_size_last_edited=&#8221;on|phone&#8221; text_line_height_tablet=&#8221;&#8221; text_line_height_phone=&#8221;1.1em&#8221; text_line_height_last_edited=&#8221;on|phone&#8221; global_colors_info=&#8221;{}&#8221;]<\/p>\n<p><strong>INGREDIENTES<\/strong><\/p>\n<p>&nbsp;<\/p>\n<ul>\n<li>1 sobre de Salsa Funghi La Moderna \u00ae<\/li>\n<li>2 tortillas de ma\u00edz<\/li>\n<li>4 huevos<\/li>\n<li>Frijoles refritos al gusto<\/li>\n<li>1 cucharada de cebolla finamente picada<\/li>\n<li>1 chile serano cortado finamente<\/li>\n<li>50 g de chorizo finamente picado<\/li>\n<li>100ml de cucharadas de aceite<\/li>\n<li>1 cucharada de cilantro troceado<\/li>\n<li>Cilantro troceado para decorar<\/li>\n<\/ul>\n<p>[\/et_pb_text][et_pb_divider color=&#8221;#FFFFFF&#8221; _builder_version=&#8221;4.23.1&#8243; _module_preset=&#8221;default&#8221; custom_margin=&#8221;18px||4px||false|false&#8221; custom_padding=&#8221;||0px|||&#8221; global_colors_info=&#8221;{}&#8221;][\/et_pb_divider][et_pb_text content_tablet=&#8221;<\/p>\n<p><strong>PREPARACI\u00d3N:<\/strong><\/p>\n<p><strong> <\/strong><\/p>\n<p><strong><\/strong><\/p>\n<ul>\n<li>En una sart\u00e9n fr\u00ede el chorizo y la cebolla por 5 minutos, agrega el chile mezcla y fr\u00ede por 1 minuto m\u00e1s, incorpora la Salsa Funghi La Moderna \u00ae. Reserva.<\/li>\n<li>En una sart\u00e9n sancocha con el resto del aceite las tortillas escurre y unta frijoles al gusto en cada tortilla<\/li>\n<li>Fr\u00ede los huevos al t\u00e9rmino que m\u00e1s te agrade, col\u00f3calos sobre la tortilla, salsea, decora con el cilantro y disfruta.<\/li>\n<\/ul>\n<p>&#8221; content_phone=&#8221;<\/p>\n<p><strong>PREPARACI\u00d3N:<\/strong><\/p>\n<p>En una sart\u00e9n fr\u00ede el chorizo y la cebolla por 5 minutos, agrega el chile mezcla y fr\u00ede por 1 minuto m\u00e1s, incorpora la Salsa Funghi La Moderna \u00ae. Reserva.<\/p>\n<p>En una sart\u00e9n sancocha con el resto del aceite las tortillas escurre y unta frijoles al gusto en cada tortilla<\/p>\n<p>Fr\u00ede los huevos al t\u00e9rmino que m\u00e1s te agrade, col\u00f3calos sobre la tortilla, salsea, decora con el cilantro y disfruta.<\/p>\n<p>&#8221; content_last_edited=&#8221;on|phone&#8221; _builder_version=&#8221;4.23.4&#8243; _module_preset=&#8221;default&#8221; text_font=&#8221;||||||||&#8221; text_text_color=&#8221;#FFFFFF&#8221; text_font_size=&#8221;18px&#8221; ul_font=&#8221;||||||||&#8221; ul_text_color=&#8221;#FFFFFF&#8221; ul_font_size=&#8221;19px&#8221; custom_margin=&#8221;||-20px|||&#8221; custom_padding=&#8221;||12px|||&#8221; text_font_size_tablet=&#8221;18px&#8221; text_font_size_phone=&#8221;14px&#8221; text_font_size_last_edited=&#8221;on|phone&#8221; text_line_height_tablet=&#8221;&#8221; text_line_height_phone=&#8221;1.2em&#8221; text_line_height_last_edited=&#8221;on|phone&#8221; global_colors_info=&#8221;{}&#8221;]<\/p>\n<p><strong>PREPARACI\u00d3N:<\/strong><\/p>\n<p><strong> <\/strong><\/p>\n<p><strong><\/strong><\/p>\n<ul>\n<li>En una sart\u00e9n fr\u00ede el chorizo y la cebolla por 5 minutos, agrega el chile mezcla y fr\u00ede por 1 minuto m\u00e1s, incorpora la Salsa Funghi La Moderna \u00ae. Reserva.<\/li>\n<li>En una sart\u00e9n sancocha con el resto del aceite las tortillas escurre y unta frijoles al gusto en cada tortilla<\/li>\n<li>Fr\u00ede los huevos al t\u00e9rmino que m\u00e1s te agrade, col\u00f3calos sobre la tortilla, salsea, decora con el cilantro y disfruta.<\/li>\n<\/ul>\n<p>[\/et_pb_text][\/et_pb_column_inner][\/et_pb_row_inner][\/et_pb_column][\/et_pb_section][et_pb_section fb_built=&#8221;1&#8243; disabled_on=&#8221;on|on|on&#8221; _builder_version=&#8221;4.25.1&#8243; _module_preset=&#8221;default&#8221; disabled=&#8221;on&#8221; global_colors_info=&#8221;{}&#8221;][et_pb_row _builder_version=&#8221;4.23.1&#8243; _module_preset=&#8221;default&#8221; global_colors_info=&#8221;{}&#8221;][et_pb_column type=&#8221;4_4&#8243; _builder_version=&#8221;4.23.1&#8243; _module_preset=&#8221;default&#8221; global_colors_info=&#8221;{}&#8221;][et_pb_text _builder_version=&#8221;4.23.1&#8243; _module_preset=&#8221;default&#8221; text_font=&#8221;Gabelisa||||||||&#8221; text_text_color=&#8221;#000000&#8243; text_font_size=&#8221;70px&#8221; text_orientation=&#8221;center&#8221; custom_margin=&#8221;||10px|||&#8221; custom_padding=&#8221;||15px|||&#8221; global_colors_info=&#8221;{}&#8221;]<\/p>\n<p>Video Receta<\/p>\n<p>[\/et_pb_text][et_pb_image src=&#8221;https:\/\/lamoderna.com.mx\/salsas\/wp-content\/uploads\/2023\/11\/linea.png&#8221; title_text=&#8221;linea&#8221; align=&#8221;center&#8221; _builder_version=&#8221;4.23.1&#8243; _module_preset=&#8221;default&#8221; width=&#8221;28%&#8221; global_colors_info=&#8221;{}&#8221;][\/et_pb_image][\/et_pb_column][\/et_pb_row][et_pb_row _builder_version=&#8221;4.23.1&#8243; _module_preset=&#8221;default&#8221; global_colors_info=&#8221;{}&#8221;][et_pb_column type=&#8221;4_4&#8243; _builder_version=&#8221;4.23.1&#8243; _module_preset=&#8221;default&#8221; global_colors_info=&#8221;{}&#8221;][et_pb_code _builder_version=&#8221;4.23.1&#8243; _module_preset=&#8221;default&#8221; global_colors_info=&#8221;{}&#8221;]<iframe loading=\"lazy\" width=\"950\" height=\"534\" src=\"https:\/\/www.youtube.com\/embed\/w87DDy_LYAQ\" title=\"Codo con Esferas de Queso al Jitomate\" frameborder=\"0\" allow=\"accelerometer; autoplay; clipboard-write; encrypted-media; gyroscope; picture-in-picture; web-share\" allowfullscreen><\/iframe>[\/et_pb_code][\/et_pb_column][\/et_pb_row][\/et_pb_section][et_pb_section fb_built=&#8221;1&#8243; _builder_version=&#8221;4.24.0&#8243; _module_preset=&#8221;default&#8221; background_image=&#8221;https:\/\/lamoderna.com.mx\/salsas\/wp-content\/uploads\/2023\/11\/footer.png&#8221; background_position=&#8221;bottom_center&#8221; custom_padding=&#8221;42px||52px|||&#8221; global_colors_info=&#8221;{}&#8221;][et_pb_row column_structure=&#8221;1_3,1_3,1_3&#8243; use_custom_gutter=&#8221;on&#8221; gutter_width=&#8221;1&#8243; make_equal=&#8221;on&#8221; _builder_version=&#8221;4.23.1&#8243; _module_preset=&#8221;default&#8221; width=&#8221;100%&#8221; max_width=&#8221;1195px&#8221; custom_padding=&#8221;||24px|||&#8221; global_colors_info=&#8221;{}&#8221;][et_pb_column type=&#8221;1_3&#8243; _builder_version=&#8221;4.23.1&#8243; _module_preset=&#8221;default&#8221; global_colors_info=&#8221;{}&#8221;][et_pb_text _builder_version=&#8221;4.25.1&#8243; _module_preset=&#8221;default&#8221; text_text_color=&#8221;#FFFFFF&#8221; text_font_size=&#8221;15px&#8221; custom_margin_tablet=&#8221;&#8221; custom_margin_phone=&#8221;0px|53px|20px|53px|false|true&#8221; custom_margin_last_edited=&#8221;on|phone&#8221; hover_enabled=&#8221;0&#8243; global_colors_info=&#8221;{}&#8221; sticky_enabled=&#8221;0&#8243;]<\/p>\n<p>\u00a9 La Moderna 2023 | <span style=\"color: #ffffff;\"><a href=\"https:\/\/lamoderna.com.mx\/Promos\/aviso_de_privacidad.pdf\" target=\"_blank\" rel=\"noopener\" style=\"color: #ffffff;\">Aviso de privacidad<\/a><\/span><\/p>\n<div id=\"gtx-trans\" style=\"position: absolute; left: 298px; top: -9px;\">\n<div class=\"gtx-trans-icon\"><\/div>\n<\/div>\n<p>[\/et_pb_text][\/et_pb_column][et_pb_column type=&#8221;1_3&#8243; _builder_version=&#8221;4.23.1&#8243; _module_preset=&#8221;default&#8221; global_colors_info=&#8221;{}&#8221;][et_pb_social_media_follow use_icon_font_size=&#8221;on&#8221; _builder_version=&#8221;4.24.0&#8243; _module_preset=&#8221;default&#8221; text_orientation=&#8221;center&#8221; global_colors_info=&#8221;{}&#8221;][et_pb_social_media_follow_network social_network=&#8221;instagram&#8221; url=&#8221;https:\/\/www.instagram.com\/lamoderna_mx\/&#8221; icon_color=&#8221;#000000&#8243; use_icon_font_size=&#8221;on&#8221; icon_font_size=&#8221;22px&#8221; _builder_version=&#8221;4.24.0&#8243; _module_preset=&#8221;default&#8221; background_color=&#8221;#FFFFFF&#8221; background_enable_color=&#8221;on&#8221; border_radii=&#8221;on|25px|25px|25px|25px&#8221; global_colors_info=&#8221;{}&#8221; follow_button=&#8221;off&#8221; url_new_window=&#8221;on&#8221;]instagram[\/et_pb_social_media_follow_network][et_pb_social_media_follow_network social_network=&#8221;facebook&#8221; url=&#8221;https:\/\/www.facebook.com\/pastaslamoderna&#8221; icon_color=&#8221;#000000&#8243; use_icon_font_size=&#8221;on&#8221; icon_font_size=&#8221;22px&#8221; _builder_version=&#8221;4.24.0&#8243; _module_preset=&#8221;default&#8221; background_color=&#8221;#FFFFFF&#8221; background_enable_color=&#8221;on&#8221; border_radii=&#8221;on|25px|25px|25px|25px&#8221; global_colors_info=&#8221;{}&#8221; follow_button=&#8221;off&#8221; url_new_window=&#8221;on&#8221;]facebook[\/et_pb_social_media_follow_network][et_pb_social_media_follow_network social_network=&#8221;youtube&#8221; url=&#8221;https:\/\/www.youtube.com\/user\/pastaslamoderna&#8221; icon_color=&#8221;#000000&#8243; use_icon_font_size=&#8221;on&#8221; icon_font_size=&#8221;22px&#8221; _builder_version=&#8221;4.24.0&#8243; _module_preset=&#8221;default&#8221; background_color=&#8221;#FFFFFF&#8221; background_enable_color=&#8221;on&#8221; border_radii=&#8221;on|25px|25px|25px|25px&#8221; global_colors_info=&#8221;{}&#8221; follow_button=&#8221;off&#8221; url_new_window=&#8221;on&#8221;]youtube[\/et_pb_social_media_follow_network][\/et_pb_social_media_follow][\/et_pb_column][et_pb_column type=&#8221;1_3&#8243; _builder_version=&#8221;4.23.1&#8243; _module_preset=&#8221;default&#8221; global_colors_info=&#8221;{}&#8221;][\/et_pb_column][\/et_pb_row][\/et_pb_section]<\/p>\n","protected":false},"excerpt":{"rendered":"<p>Inicio &gt; Nuestras recetas &gt; Huevos rancheros HUEVOS RANCHEROS DIFICULTAD: F\u00c1CIL\u00a0 \u00a0 \u00a0 \u00a0PORCIONES: 2INGREDIENTES &nbsp; 1 sobre de Salsa Funghi La Moderna \u00ae 2 tortillas de ma\u00edz 4 huevos Frijoles refritos al gusto 1 cucharada de cebolla finamente picada 1 chile serano cortado finamente 50 g de chorizo finamente picado 100ml de cucharadas de [&hellip;]<\/p>\n","protected":false},"author":1,"featured_media":0,"parent":0,"menu_order":0,"comment_status":"closed","ping_status":"closed","template":"","meta":{"_et_pb_use_builder":"on","_et_pb_old_content":"","_et_gb_content_width":"","footnotes":""},"dipi_cpt_category":[],"class_list":["post-270","page","type-page","status-publish","hentry"],"_links":{"self":[{"href":"https:\/\/lamoderna.com.mx\/salsas\/wp-json\/wp\/v2\/pages\/270","targetHints":{"allow":["GET"]}}],"collection":[{"href":"https:\/\/lamoderna.com.mx\/salsas\/wp-json\/wp\/v2\/pages"}],"about":[{"href":"https:\/\/lamoderna.com.mx\/salsas\/wp-json\/wp\/v2\/types\/page"}],"author":[{"embeddable":true,"href":"https:\/\/lamoderna.com.mx\/salsas\/wp-json\/wp\/v2\/users\/1"}],"replies":[{"embeddable":true,"href":"https:\/\/lamoderna.com.mx\/salsas\/wp-json\/wp\/v2\/comments?post=270"}],"version-history":[{"count":8,"href":"https:\/\/lamoderna.com.mx\/salsas\/wp-json\/wp\/v2\/pages\/270\/revisions"}],"predecessor-version":[{"id":573,"href":"https:\/\/lamoderna.com.mx\/salsas\/wp-json\/wp\/v2\/pages\/270\/revisions\/573"}],"wp:attachment":[{"href":"https:\/\/lamoderna.com.mx\/salsas\/wp-json\/wp\/v2\/media?parent=270"}],"wp:term":[{"taxonomy":"dipi_cpt_category","embeddable":true,"href":"https:\/\/lamoderna.com.mx\/salsas\/wp-json\/wp\/v2\/dipi_cpt_category?post=270"}],"curies":[{"name":"wp","href":"https:\/\/api.w.org\/{rel}","templated":true}]}}