{"id":321,"date":"2024-01-15T23:32:37","date_gmt":"2024-01-15T23:32:37","guid":{"rendered":"https:\/\/salsas.appix.mx\/?page_id=321"},"modified":"2024-05-25T00:24:31","modified_gmt":"2024-05-25T00:24:31","slug":"pasta-a-la-vizcaina","status":"publish","type":"page","link":"https:\/\/lamoderna.com.mx\/salsas\/pasta-a-la-vizcaina\/","title":{"rendered":"Pasta a la Vizca\u00edna"},"content":{"rendered":"<p>[et_pb_section fb_built=&#8221;1&#8243; _builder_version=&#8221;4.23.1&#8243; _module_preset=&#8221;default&#8221; background_color=&#8221;#e5000d&#8221; custom_margin=&#8221;||-69px|||&#8221; custom_padding=&#8221;0px||0px|||&#8221; global_colors_info=&#8221;{}&#8221;][\/et_pb_section][et_pb_section fb_built=&#8221;1&#8243; _builder_version=&#8221;4.23.1&#8243; _module_preset=&#8221;default&#8221; background_color=&#8221;#f0c53f&#8221; custom_margin=&#8221;67px|||||&#8221; custom_padding=&#8221;4px||10px|||&#8221; global_colors_info=&#8221;{}&#8221;][et_pb_row _builder_version=&#8221;4.23.1&#8243; _module_preset=&#8221;default&#8221; custom_padding=&#8221;||21px|||&#8221; global_colors_info=&#8221;{}&#8221;][et_pb_column type=&#8221;4_4&#8243; _builder_version=&#8221;4.23.1&#8243; _module_preset=&#8221;default&#8221; global_colors_info=&#8221;{}&#8221;][et_pb_text _builder_version=&#8221;4.23.4&#8243; _module_preset=&#8221;default&#8221; text_font=&#8221;|600|||||||&#8221; text_text_color=&#8221;#000000&#8243; text_font_size=&#8221;16px&#8221; custom_margin=&#8221;-12px||-43px|||&#8221; global_colors_info=&#8221;{}&#8221;]<\/p>\n<p><span style=\"color: #333333;\"><a href=\"https:\/\/lamoderna.com.mx\/salsas\/\" style=\"color: #333333;\">Inicio<\/a><\/span> &gt; <span style=\"color: #333333;\"><a href=\"https:\/\/lamoderna.com.mx\/salsas\/nuestras-recetas\/\" style=\"color: #333333;\">Nuestras recetas<\/a><\/span> &gt; Pasta a la Vizca\u00edna<\/p>\n<div id=\"gtx-trans\" style=\"position: absolute; left: -25px; top: 38px;\">\n<div class=\"gtx-trans-icon\"><\/div>\n<\/div>\n<p>[\/et_pb_text][\/et_pb_column][\/et_pb_row][\/et_pb_section][et_pb_section fb_built=&#8221;1&#8243; _builder_version=&#8221;4.23.1&#8243; _module_preset=&#8221;default&#8221; custom_padding=&#8221;||10px|||&#8221; global_colors_info=&#8221;{}&#8221;][et_pb_row _builder_version=&#8221;4.23.1&#8243; _module_preset=&#8221;default&#8221; custom_margin=&#8221;|auto|-2px|auto||&#8221; custom_padding=&#8221;||16px|||&#8221; global_colors_info=&#8221;{}&#8221;][et_pb_column type=&#8221;4_4&#8243; _builder_version=&#8221;4.23.1&#8243; _module_preset=&#8221;default&#8221; global_colors_info=&#8221;{}&#8221;][et_pb_text _builder_version=&#8221;4.23.4&#8243; _module_preset=&#8221;default&#8221; text_font=&#8221;|800|||||||&#8221; text_text_color=&#8221;#000000&#8243; text_font_size=&#8221;24px&#8221; custom_padding=&#8221;|0px||0px||&#8221; text_font_size_tablet=&#8221;24px&#8221; text_font_size_phone=&#8221;25px&#8221; text_font_size_last_edited=&#8221;on|phone&#8221; text_orientation_tablet=&#8221;&#8221; text_orientation_phone=&#8221;center&#8221; text_orientation_last_edited=&#8221;on|phone&#8221; global_colors_info=&#8221;{}&#8221;]<\/p>\n<p>PASTA A LA VIZCA\u00cdNA<\/p>\n<div id=\"gtx-trans\" style=\"position: absolute; left: -40px; top: 38px;\">\n<div class=\"gtx-trans-icon\"><\/div>\n<\/div>\n<p>[\/et_pb_text][\/et_pb_column][\/et_pb_row][\/et_pb_section][et_pb_section fb_built=&#8221;1&#8243; make_equal=&#8221;on&#8221; use_custom_gutter=&#8221;on&#8221; gutter_width=&#8221;2&#8243; specialty=&#8221;on&#8221; _builder_version=&#8221;4.23.1&#8243; _module_preset=&#8221;default&#8221; width=&#8221;100%&#8221; max_width=&#8221;100%&#8221; custom_padding=&#8221;11px|||||&#8221; global_colors_info=&#8221;{}&#8221;][et_pb_column type=&#8221;1_2&#8243; _builder_version=&#8221;4.16&#8243; custom_padding=&#8221;|||&#8221; global_colors_info=&#8221;{}&#8221; custom_padding__hover=&#8221;|||&#8221;][et_pb_image src=&#8221;https:\/\/lamoderna.com.mx\/salsas\/wp-content\/uploads\/2024\/01\/79a45f0d8c3450a868c94a056b45d389.png&#8221; title_text=&#8221;79a45f0d8c3450a868c94a056b45d389&#8243; _builder_version=&#8221;4.23.4&#8243; _module_preset=&#8221;default&#8221; global_colors_info=&#8221;{}&#8221;][\/et_pb_image][\/et_pb_column][et_pb_column type=&#8221;1_2&#8243; specialty_columns=&#8221;2&#8243; _builder_version=&#8221;4.16&#8243; custom_padding=&#8221;|||&#8221; global_colors_info=&#8221;{}&#8221; custom_padding__hover=&#8221;|||&#8221;][et_pb_row_inner custom_padding_last_edited=&#8221;on|phone&#8221; _builder_version=&#8221;4.23.4&#8243; _module_preset=&#8221;default&#8221; background_color=&#8221;#e5000d&#8221; custom_margin=&#8221;27px|||||&#8221; custom_margin_tablet=&#8221;27px|||||&#8221; custom_margin_phone=&#8221;27px|||||&#8221; custom_margin_last_edited=&#8221;on|phone&#8221; custom_padding=&#8221;37px|49px|37px|49px|true|true&#8221; custom_padding_tablet=&#8221;37px|49px|37px|49px|true|true&#8221; custom_padding_phone=&#8221;37px|20px|37px|20px|true|true&#8221; border_radii=&#8221;on|14px|14px|14px|14px&#8221; global_colors_info=&#8221;{}&#8221;][et_pb_column_inner saved_specialty_column_type=&#8221;1_2&#8243; _builder_version=&#8221;4.23.1&#8243; _module_preset=&#8221;default&#8221; global_colors_info=&#8221;{}&#8221;][et_pb_text _builder_version=&#8221;4.23.4&#8243; _module_preset=&#8221;default&#8221; text_font=&#8221;|700|||||||&#8221; text_text_color=&#8221;#FFFFFF&#8221; text_font_size=&#8221;20px&#8221; custom_margin=&#8221;||10px||false|false&#8221; global_colors_info=&#8221;{}&#8221;]<\/p>\n<p>DIFICULTAD: F\u00c1CIL\u00a0 \u00a0 \u00a0 \u00a0PORCIONES: 4<\/p>\n<p>[\/et_pb_text][et_pb_divider color=&#8221;#FFFFFF&#8221; _builder_version=&#8221;4.23.1&#8243; _module_preset=&#8221;default&#8221; custom_margin=&#8221;17px||0px||false|false&#8221; custom_padding=&#8221;||0px||false|false&#8221; global_colors_info=&#8221;{}&#8221;][\/et_pb_divider][et_pb_text content_tablet=&#8221;<\/p>\n<p><strong>INGREDIENTES<\/strong><\/p>\n<p><strong><\/strong><\/p>\n<ul>\n<li><span class=%22s1%22><\/span>200 g de Espiral La Moderna\u00ae<\/li>\n<li><span class=%22s1%22><\/span>1 sobre de <span class=%22s2%22>Salsa Italiana La Moderna\u00ae<\/span><\/li>\n<li><span class=%22s1%22><\/span>5 cucharadas de aceite de oliva<\/li>\n<li><span class=%22s1%22><\/span>3 dientes de ajo picados finamente<\/li>\n<li><span class=%22s1%22><\/span>2 latas de at\u00fan en agua drenadas<\/li>\n<li><span class=%22s1%22><\/span>1\/2 taza de aceitunas sin hueso<\/li>\n<li><span class=%22s1%22><\/span>\u00bc de taza de chiles g\u00fceros<\/li>\n<li><span class=%22s1%22><\/span>2\/3 de taza de perejil picado finamente<\/li>\n<li><span class=%22s1%22><\/span>Sal y pimienta al gusto<\/li>\n<li><span class=%22s1%22><\/span>Hojitas de perejil para decorar<span class=%22s1%22><\/span><\/li>\n<\/ul>\n<p>&#8221; content_phone=&#8221;<\/p>\n<p><strong>INGREDIENTES<\/strong><strong><\/strong><\/p>\n<p><span class=%22s1%22><\/span>200 g de Espiral La Moderna\u00ae<\/p>\n<p><span class=%22s1%22><\/span>1 sobre de <span class=%22s2%22>Salsa Italiana La Moderna\u00ae<\/span><\/p>\n<p><span class=%22s1%22><\/span>5 cucharadas de aceite de oliva<\/p>\n<p><span class=%22s1%22><\/span>3 dientes de ajo picados finamente<\/p>\n<p><span class=%22s1%22><\/span>2 latas de at\u00fan en agua drenadas<\/p>\n<p><span class=%22s1%22><\/span>1\/2 taza de aceitunas sin hueso<\/p>\n<p><span class=%22s1%22><\/span>\u00bc de taza de chiles g\u00fceros<\/p>\n<p><span class=%22s1%22><\/span>2\/3 de taza de perejil picado finamente<\/p>\n<p><span class=%22s1%22><\/span>Sal y pimienta al gusto<\/p>\n<p><span class=%22s1%22><\/span>Hojitas de perejil para decorar<span class=%22s1%22><\/span><\/p>\n<p>&#8221; content_last_edited=&#8221;on|phone&#8221; _builder_version=&#8221;4.24.0&#8243; _module_preset=&#8221;default&#8221; text_font=&#8221;||||||||&#8221; text_text_color=&#8221;#FFFFFF&#8221; text_font_size=&#8221;17px&#8221; ul_font=&#8221;||||||||&#8221; ul_text_color=&#8221;#FFFFFF&#8221; ul_font_size=&#8221;19px&#8221; custom_margin=&#8221;||-20px|||&#8221; custom_padding=&#8221;||12px|||&#8221; text_font_size_tablet=&#8221;17px&#8221; text_font_size_phone=&#8221;14px&#8221; text_font_size_last_edited=&#8221;on|phone&#8221; text_line_height_tablet=&#8221;&#8221; text_line_height_phone=&#8221;1.1em&#8221; text_line_height_last_edited=&#8221;on|phone&#8221; global_colors_info=&#8221;{}&#8221;]<\/p>\n<p><strong>INGREDIENTES<\/strong><\/p>\n<p><strong><\/strong><\/p>\n<ul>\n<li><span class=\"s1\"><\/span>200 g de Espiral La Moderna\u00ae<\/li>\n<li><span class=\"s1\"><\/span>1 sobre de <span class=\"s2\">Salsa Italiana La Moderna\u00ae<\/span><\/li>\n<li><span class=\"s1\"><\/span>5 cucharadas de aceite de oliva<\/li>\n<li><span class=\"s1\"><\/span>3 dientes de ajo picados finamente<\/li>\n<li><span class=\"s1\"><\/span>2 latas de at\u00fan en agua drenadas<\/li>\n<li><span class=\"s1\"><\/span>1\/2 taza de aceitunas sin hueso<\/li>\n<li><span class=\"s1\"><\/span>\u00bc de taza de chiles g\u00fceros<\/li>\n<li><span class=\"s1\"><\/span>2\/3 de taza de perejil picado finamente<\/li>\n<li><span class=\"s1\"><\/span>Sal y pimienta al gusto<\/li>\n<li><span class=\"s1\"><\/span>Hojitas de perejil para decorar<span class=\"s1\"><\/span><\/li>\n<\/ul>\n<p>[\/et_pb_text][et_pb_divider color=&#8221;#FFFFFF&#8221; _builder_version=&#8221;4.23.1&#8243; _module_preset=&#8221;default&#8221; custom_margin=&#8221;18px||4px||false|false&#8221; custom_padding=&#8221;||0px|||&#8221; global_colors_info=&#8221;{}&#8221;][\/et_pb_divider][et_pb_text content_tablet=&#8221;<\/p>\n<p><strong>PREPARACI\u00d3N:<\/strong><\/p>\n<p><strong><\/strong><\/p>\n<ul>\n<li><span class=%22s1%22><\/span>Cuece Espiral La Moderna\u00ae siguiendo las instrucciones del empaque. Mientras esta con cocci\u00f3n, calienta el aceite en una sart\u00e9n amplia agrega el ajo y espera a que dore. Incorpora el at\u00fan, las aceitunas, los chiles y el perejil.<\/li>\n<li><span class=%22s1%22><\/span>Vierte la Salsa Italiana La Moderna\u00ae, agrega la pasta y mueve para integrar todos los ingredientes. Rectifica saz\u00f3n.<\/li>\n<li><span class=%22s1%22><\/span>Sirve y decora con hojitas de perejil<span class=%22s1%22><\/span><\/li>\n<\/ul>\n<p>&#8221; content_phone=&#8221;<\/p>\n<p><strong>PREPARACI\u00d3N:<\/strong><strong><\/strong><\/p>\n<p><span class=%22s1%22><\/span>Cuece Espiral La Moderna\u00ae siguiendo las instrucciones del empaque. Mientras esta con cocci\u00f3n, calienta el aceite en una sart\u00e9n amplia agrega el ajo y espera a que dore. Incorpora el at\u00fan, las aceitunas, los chiles y el perejil.<\/p>\n<p><span class=%22s1%22><\/span>Vierte la Salsa Italiana La Moderna\u00ae, agrega la pasta y mueve para integrar todos los ingredientes. Rectifica saz\u00f3n.<\/p>\n<p><span class=%22s1%22><\/span>Sirve y decora con hojitas de perejil<span class=%22s1%22><\/span><\/p>\n<p>&#8221; content_last_edited=&#8221;on|phone&#8221; _builder_version=&#8221;4.24.0&#8243; _module_preset=&#8221;default&#8221; text_font=&#8221;||||||||&#8221; text_text_color=&#8221;#FFFFFF&#8221; text_font_size=&#8221;18px&#8221; ul_font=&#8221;||||||||&#8221; ul_text_color=&#8221;#FFFFFF&#8221; ul_font_size=&#8221;19px&#8221; custom_margin=&#8221;||-20px|||&#8221; custom_padding=&#8221;||12px|||&#8221; text_font_size_tablet=&#8221;18px&#8221; text_font_size_phone=&#8221;14px&#8221; text_font_size_last_edited=&#8221;on|phone&#8221; text_line_height_tablet=&#8221;&#8221; text_line_height_phone=&#8221;1.1em&#8221; text_line_height_last_edited=&#8221;on|phone&#8221; global_colors_info=&#8221;{}&#8221;]<\/p>\n<p><strong>PREPARACI\u00d3N:<\/strong><\/p>\n<p><strong><\/strong><\/p>\n<ul>\n<li><span class=\"s1\"><\/span>Cuece Espiral La Moderna\u00ae siguiendo las instrucciones del empaque. Mientras esta con cocci\u00f3n, calienta el aceite en una sart\u00e9n amplia agrega el ajo y espera a que dore. Incorpora el at\u00fan, las aceitunas, los chiles y el perejil.<\/li>\n<li><span class=\"s1\"><\/span>Vierte la Salsa Italiana La Moderna\u00ae, agrega la pasta y mueve para integrar todos los ingredientes. Rectifica saz\u00f3n.<\/li>\n<li><span class=\"s1\"><\/span>Sirve y decora con hojitas de perejil<span class=\"s1\"><\/span><\/li>\n<\/ul>\n<p>[\/et_pb_text][\/et_pb_column_inner][\/et_pb_row_inner][\/et_pb_column][\/et_pb_section][et_pb_section fb_built=&#8221;1&#8243; disabled_on=&#8221;on|on|on&#8221; _builder_version=&#8221;4.25.1&#8243; _module_preset=&#8221;default&#8221; disabled=&#8221;on&#8221; global_colors_info=&#8221;{}&#8221;][et_pb_row _builder_version=&#8221;4.23.1&#8243; _module_preset=&#8221;default&#8221; global_colors_info=&#8221;{}&#8221;][et_pb_column type=&#8221;4_4&#8243; _builder_version=&#8221;4.23.1&#8243; _module_preset=&#8221;default&#8221; global_colors_info=&#8221;{}&#8221;][et_pb_text _builder_version=&#8221;4.23.1&#8243; _module_preset=&#8221;default&#8221; text_font=&#8221;Gabelisa||||||||&#8221; text_text_color=&#8221;#000000&#8243; text_font_size=&#8221;70px&#8221; text_orientation=&#8221;center&#8221; custom_margin=&#8221;||10px|||&#8221; custom_padding=&#8221;||15px|||&#8221; global_colors_info=&#8221;{}&#8221;]<\/p>\n<p>Video Receta<\/p>\n<p>[\/et_pb_text][et_pb_image src=&#8221;https:\/\/lamoderna.com.mx\/salsas\/wp-content\/uploads\/2023\/11\/linea.png&#8221; title_text=&#8221;linea&#8221; align=&#8221;center&#8221; _builder_version=&#8221;4.23.1&#8243; _module_preset=&#8221;default&#8221; width=&#8221;28%&#8221; global_colors_info=&#8221;{}&#8221;][\/et_pb_image][\/et_pb_column][\/et_pb_row][et_pb_row _builder_version=&#8221;4.23.1&#8243; _module_preset=&#8221;default&#8221; global_colors_info=&#8221;{}&#8221;][et_pb_column type=&#8221;4_4&#8243; _builder_version=&#8221;4.23.1&#8243; _module_preset=&#8221;default&#8221; global_colors_info=&#8221;{}&#8221;][et_pb_code _builder_version=&#8221;4.23.1&#8243; _module_preset=&#8221;default&#8221; global_colors_info=&#8221;{}&#8221;]<iframe loading=\"lazy\" width=\"950\" height=\"534\" src=\"https:\/\/www.youtube.com\/embed\/w87DDy_LYAQ\" title=\"Codo con Esferas de Queso al Jitomate\" frameborder=\"0\" allow=\"accelerometer; autoplay; clipboard-write; encrypted-media; gyroscope; picture-in-picture; web-share\" allowfullscreen><\/iframe>[\/et_pb_code][\/et_pb_column][\/et_pb_row][\/et_pb_section][et_pb_section fb_built=&#8221;1&#8243; _builder_version=&#8221;4.24.0&#8243; _module_preset=&#8221;default&#8221; background_image=&#8221;https:\/\/lamoderna.com.mx\/salsas\/wp-content\/uploads\/2023\/11\/footer.png&#8221; background_position=&#8221;bottom_center&#8221; custom_padding=&#8221;42px||52px|||&#8221; global_colors_info=&#8221;{}&#8221;][et_pb_row column_structure=&#8221;1_3,1_3,1_3&#8243; use_custom_gutter=&#8221;on&#8221; gutter_width=&#8221;1&#8243; make_equal=&#8221;on&#8221; _builder_version=&#8221;4.23.1&#8243; _module_preset=&#8221;default&#8221; width=&#8221;100%&#8221; max_width=&#8221;1195px&#8221; custom_padding=&#8221;||24px|||&#8221; global_colors_info=&#8221;{}&#8221;][et_pb_column type=&#8221;1_3&#8243; _builder_version=&#8221;4.23.1&#8243; _module_preset=&#8221;default&#8221; global_colors_info=&#8221;{}&#8221;][et_pb_text _builder_version=&#8221;4.25.1&#8243; _module_preset=&#8221;default&#8221; text_text_color=&#8221;#FFFFFF&#8221; text_font_size=&#8221;15px&#8221; custom_margin_tablet=&#8221;&#8221; custom_margin_phone=&#8221;0px|53px|20px|53px|false|true&#8221; custom_margin_last_edited=&#8221;on|phone&#8221; hover_enabled=&#8221;0&#8243; global_colors_info=&#8221;{}&#8221; sticky_enabled=&#8221;0&#8243;]<\/p>\n<p>\u00a9 La Moderna 2023 | <span style=\"color: #ffffff;\"><a href=\"https:\/\/lamoderna.com.mx\/Promos\/aviso_de_privacidad.pdf\" target=\"_blank\" rel=\"noopener\" style=\"color: #ffffff;\">Aviso de privacidad<\/a><\/span><\/p>\n<div id=\"gtx-trans\" style=\"position: absolute; left: 296px; top: -9px;\">\n<div class=\"gtx-trans-icon\"><\/div>\n<\/div>\n<p>[\/et_pb_text][\/et_pb_column][et_pb_column type=&#8221;1_3&#8243; _builder_version=&#8221;4.23.1&#8243; _module_preset=&#8221;default&#8221; global_colors_info=&#8221;{}&#8221;][et_pb_social_media_follow use_icon_font_size=&#8221;on&#8221; _builder_version=&#8221;4.24.0&#8243; _module_preset=&#8221;default&#8221; text_orientation=&#8221;center&#8221; global_colors_info=&#8221;{}&#8221;][et_pb_social_media_follow_network social_network=&#8221;instagram&#8221; url=&#8221;https:\/\/www.instagram.com\/lamoderna_mx\/&#8221; icon_color=&#8221;#000000&#8243; use_icon_font_size=&#8221;on&#8221; icon_font_size=&#8221;22px&#8221; _builder_version=&#8221;4.24.0&#8243; _module_preset=&#8221;default&#8221; background_color=&#8221;#FFFFFF&#8221; background_enable_color=&#8221;on&#8221; border_radii=&#8221;on|25px|25px|25px|25px&#8221; global_colors_info=&#8221;{}&#8221; follow_button=&#8221;off&#8221; url_new_window=&#8221;on&#8221;]instagram[\/et_pb_social_media_follow_network][et_pb_social_media_follow_network social_network=&#8221;facebook&#8221; url=&#8221;https:\/\/www.facebook.com\/pastaslamoderna&#8221; icon_color=&#8221;#000000&#8243; use_icon_font_size=&#8221;on&#8221; icon_font_size=&#8221;22px&#8221; _builder_version=&#8221;4.24.0&#8243; _module_preset=&#8221;default&#8221; background_color=&#8221;#FFFFFF&#8221; background_enable_color=&#8221;on&#8221; border_radii=&#8221;on|25px|25px|25px|25px&#8221; global_colors_info=&#8221;{}&#8221; follow_button=&#8221;off&#8221; url_new_window=&#8221;on&#8221;]facebook[\/et_pb_social_media_follow_network][et_pb_social_media_follow_network social_network=&#8221;youtube&#8221; url=&#8221;https:\/\/www.youtube.com\/user\/pastaslamoderna&#8221; icon_color=&#8221;#000000&#8243; use_icon_font_size=&#8221;on&#8221; icon_font_size=&#8221;22px&#8221; _builder_version=&#8221;4.24.0&#8243; _module_preset=&#8221;default&#8221; background_color=&#8221;#FFFFFF&#8221; background_enable_color=&#8221;on&#8221; border_radii=&#8221;on|25px|25px|25px|25px&#8221; global_colors_info=&#8221;{}&#8221; follow_button=&#8221;off&#8221; url_new_window=&#8221;on&#8221;]youtube[\/et_pb_social_media_follow_network][\/et_pb_social_media_follow][\/et_pb_column][et_pb_column type=&#8221;1_3&#8243; _builder_version=&#8221;4.23.1&#8243; _module_preset=&#8221;default&#8221; global_colors_info=&#8221;{}&#8221;][\/et_pb_column][\/et_pb_row][\/et_pb_section]<\/p>\n","protected":false},"excerpt":{"rendered":"<p>Inicio &gt; Nuestras recetas &gt; Pasta a la Vizca\u00edna PASTA A LA VIZCA\u00cdNA DIFICULTAD: F\u00c1CIL\u00a0 \u00a0 \u00a0 \u00a0PORCIONES: 4INGREDIENTES 200 g de Espiral La Moderna\u00ae 1 sobre de Salsa Italiana La Moderna\u00ae 5 cucharadas de aceite de oliva 3 dientes de ajo picados finamente 2 latas de at\u00fan en agua drenadas 1\/2 taza de aceitunas [&hellip;]<\/p>\n","protected":false},"author":1,"featured_media":0,"parent":0,"menu_order":0,"comment_status":"closed","ping_status":"closed","template":"","meta":{"_et_pb_use_builder":"on","_et_pb_old_content":"","_et_gb_content_width":"","footnotes":""},"dipi_cpt_category":[],"class_list":["post-321","page","type-page","status-publish","hentry"],"_links":{"self":[{"href":"https:\/\/lamoderna.com.mx\/salsas\/wp-json\/wp\/v2\/pages\/321","targetHints":{"allow":["GET"]}}],"collection":[{"href":"https:\/\/lamoderna.com.mx\/salsas\/wp-json\/wp\/v2\/pages"}],"about":[{"href":"https:\/\/lamoderna.com.mx\/salsas\/wp-json\/wp\/v2\/types\/page"}],"author":[{"embeddable":true,"href":"https:\/\/lamoderna.com.mx\/salsas\/wp-json\/wp\/v2\/users\/1"}],"replies":[{"embeddable":true,"href":"https:\/\/lamoderna.com.mx\/salsas\/wp-json\/wp\/v2\/comments?post=321"}],"version-history":[{"count":9,"href":"https:\/\/lamoderna.com.mx\/salsas\/wp-json\/wp\/v2\/pages\/321\/revisions"}],"predecessor-version":[{"id":568,"href":"https:\/\/lamoderna.com.mx\/salsas\/wp-json\/wp\/v2\/pages\/321\/revisions\/568"}],"wp:attachment":[{"href":"https:\/\/lamoderna.com.mx\/salsas\/wp-json\/wp\/v2\/media?parent=321"}],"wp:term":[{"taxonomy":"dipi_cpt_category","embeddable":true,"href":"https:\/\/lamoderna.com.mx\/salsas\/wp-json\/wp\/v2\/dipi_cpt_category?post=321"}],"curies":[{"name":"wp","href":"https:\/\/api.w.org\/{rel}","templated":true}]}}